{"id":666,"date":"2024-05-01T19:36:47","date_gmt":"2024-05-01T17:36:47","guid":{"rendered":"https:\/\/a-kracht.dk\/?page_id=666"},"modified":"2024-08-17T10:49:21","modified_gmt":"2024-08-17T08:49:21","slug":"bell-uh-1-iroquois-huey","status":"publish","type":"page","link":"http:\/\/a-kracht.dk\/?page_id=666","title":{"rendered":"Bell UH-1 Iroquois &#8220;Huey&#8221;"},"content":{"rendered":"<div class=\"wp-block-image\">\n<figure class=\"aligncenter size-full\"><img loading=\"lazy\" decoding=\"async\" width=\"500\" height=\"375\" src=\"https:\/\/a-kracht.dk\/wp-content\/uploads\/2024\/05\/bell.png\" alt=\"\" class=\"wp-image-667\" srcset=\"http:\/\/a-kracht.dk\/wp-content\/uploads\/2024\/05\/bell.png 500w, http:\/\/a-kracht.dk\/wp-content\/uploads\/2024\/05\/bell-300x225.png 300w\" sizes=\"auto, (max-width: 500px) 100vw, 500px\" \/><\/figure>\n<\/div>\n\n\n<p class=\"has-text-align-center\">Grissom<a href=\"https:\/\/www.grissomairmuseum.com\/\"> <\/a>Air Museum<\/p>\n\n\n\n<p><a href=\"https:\/\/a-kracht.dk\/?page_id=682\" data-type=\"link\" data-id=\"https:\/\/a-kracht.dk\/?page_id=682\">Flere Fotos<\/a><\/p>\n\n\n\n<figure class=\"wp-block-table is-style-stripes\"><table><tbody><tr><td>Type<\/td><td>Let helikopter til observation, luft-s\u00f8redning, forbindelse og tr\u00e6ning<\/td><\/tr><tr><td>&nbsp;Fabrikant<\/td><td><a href=\"https:\/\/www.bellflight.com\/\" target=\"_blank\" rel=\"noreferrer noopener\">Bell Helicopter Textron<\/a><\/td><\/tr><tr><td>&nbsp;Bes\u00e6tning<\/td><td>&nbsp;1-4 mand<\/td><\/tr><tr><td>&nbsp;Dimensioner:<\/td><td>\ufeff<\/td><\/tr><tr><td>&nbsp;L\u00e6ngde<\/td><td>17,6 m med roter<\/td><\/tr><tr><td>&nbsp;H\u00f8jde<\/td><td>4,4 m<\/td><\/tr><tr><td>Brede<\/td><td>2,9 m<\/td><\/tr><tr><td>&nbsp;Rotordiameter<\/td><td>14,63 m<\/td><\/tr><tr><td>&nbsp;Kapacitet<\/td><td>1,760 kg det kan v\u00e6re  11-14 soldater, 6 b\u00e5rer, eller andet last<\/td><\/tr><tr><td>V\u00e6gt<\/td><td>Tom 2,363&nbsp;kg,  mission  v\u00e6gt 4,100&nbsp;kg, Max v\u00e6gt 4,309&nbsp;kg<\/td><\/tr><tr><td>&nbsp;Motorkraft<\/td><td>\ufeff<\/td><\/tr><tr><td>&nbsp;Motor<\/td><td>1 \u00d7&nbsp;<a href=\"https:\/\/en.wikipedia.org\/wiki\/Lycoming_T53\">Lycoming T53-L-13<\/a>&nbsp;<a href=\"https:\/\/en.wikipedia.org\/wiki\/Turboshaft\">turbo<\/a>aksel 1,400&nbsp;1,000&nbsp;kW begr\u00e6nset til 820&nbsp;kW gennem transmission<\/td><\/tr><tr><td>&nbsp;Ydeevne<\/td><td><\/td><\/tr><tr><td>&nbsp;Maksimum hastighed<\/td><td>204 km\/t (127 mph, 110 kn)<\/td><\/tr><tr><td>&nbsp;Marchhastighed<\/td><td>204 km\/t (127 mph, 110 kn) ved 5,700&nbsp;ft (1,700&nbsp;m) med max takeoff weight<\/td><\/tr><tr><td>&nbsp;Aktionsradius<\/td><td>511&nbsp;km (276 nm)&nbsp;<\/td><\/tr><tr><td>&nbsp;Stigningshastighed<\/td><td>8.1&nbsp;m\/s (1600&nbsp;ft\/min)<\/td><\/tr><tr><td>&nbsp;Maksimum h\u00f8jde<\/td><td>&nbsp;3800&nbsp;m (12600&nbsp;ft)<\/td><\/tr><tr><td>&nbsp;Bem\u00e6rkninger<\/td><td>&nbsp;<\/td><\/tr><tr><td>Bem\u00e6rkning<\/td><td>Bell UH-1 Iroquois (kaldet &#8220;Huey&#8221;) er en milit\u00e6rhelikopter designet og produceret af det amerikanske rumfartsfirma Bell Helicopter. Det er det f\u00f8rste medlem af den produktive Huey-familie, s\u00e5vel som den f\u00f8rste turbinedrevne helikopter i tjeneste med det amerikanske milit\u00e6r.<br>Udviklingen af Iroquois startede i begyndelsen af 1950&#8217;erne, og en stor fremdrift var et krav udstedt af den amerikanske h\u00e6r for en ny medicinsk evakuering og helikopter. Bell 204, der blev fl\u00f8jet f\u00f8rste gang den 20. oktober 1956, blev varmt modtaget, is\u00e6r for ydeevnen af dens enkelt turboakselmotor i forhold til stempelmotordrevne modstykker. En indledende produktionskontrakt for 100 HU-1A&#8217;er blev udstedt i marts 1960. Som svar p\u00e5 kritik af rotorfart\u00f8jets kraft udviklede Bell hurtigt flere modeller udstyret med kraftigere motorer; i sammenligning med prototypens Lycoming YT53-L-1 (LTC1B-1) motor, der producerede 700 shp (520 kW), i 1966, blev Lycoming T53-L-13, der var i stand til 1.400 shp (1.000 kW), installeret p\u00e5 nogle modeller. En udstrakt version af Iroquois, f\u00f8rste gang fl\u00f8jet i august 1961, blev ogs\u00e5 produceret som svar p\u00e5 h\u00e6rens krav om en version, der kunne rumme flere tropper. Yderligere modifikationer vil omfatte brugen af en konstruktion i helt aluminium, vedtagelsen af en rotorbremse og alternative kraftv\u00e6rker.<br>Iroquois blev f\u00f8rste gang brugt i kampoperationer under Vietnamkrigen, de f\u00f8rste eksempler blev indsat i marts 1962. Den blev brugt til forskellige form\u00e5l, udf\u00f8rer generel st\u00f8tte, luftangreb, lasttransport, flyvemedicinsk evakuering, efters\u00f8gning og redning, elektronisk krigsf\u00f8relse og jordangrebsmissioner. Bev\u00e6bnede Iroquois-v\u00e5benskibe bar en r\u00e6kke v\u00e5ben, herunder raketter, granatkastere og maskingev\u00e6rer, og blev ofte modificeret i felten for at passe til specifikke operationer. Det amerikanske luftv\u00e5ben udsendte sine Iroquois til Vietnam og brugte dem til at udf\u00f8re rekognosceringsoperationer, psykologisk krigsf\u00f8relse og andre st\u00f8tteroller. Andre nationers v\u00e6bnede lufttjenester, s\u00e5som Royal Australian Air Force, sendte ogs\u00e5 deres egne Iroquois til Vietnam. I alt blev omkring 7.000 Iroquois udstationeret i Vietnam-teatret, hvoraf over 3.300 menes at v\u00e6re \u00f8delagt. Forskellige andre konflikter har set kampudsendelser af Iroquois, s\u00e5som Rhodesian Bush-krigen, Falklandskrigen, krigen i Afghanistan og Libanon-konflikten i 2007.<br>Iroquois blev oprindeligt betegnet HU-1, deraf Huey-k\u00e6lenavnet, som er forblevet i almindelig brug, p\u00e5 trods af den officielle omdesign til UH-1 i 1962.<br>Forskellige derivater og udviklinger af Iroquois blev produceret. En dedikeret angrebshelikopter, Bell AH-1 Cobra, blev afledt af UH-1 og beholdt en h\u00f8j grad af f\u00e6llestr\u00e6k. Bell 204 og 205 er Iroquois-versioner udviklet til det civile marked. Som svar p\u00e5 krav fra nogle kunder blev en tomotoret model, UH-1N Twin Huey, ogs\u00e5 udviklet i slutningen af 1960&#8217;erne; et firebladet derivat, Bell UH-1Y Venom, blev ogs\u00e5 udviklet i begyndelsen af det enogtyvende \u00e5rhundrede. I US Army-tjeneste blev Iroquois gradvist udfaset efter introduktionen af Sikorsky UH-60 Black Hawk og Eurocopter UH-72 Lakota, selvom hundredvis stadig var i brug mere end 50 \u00e5r efter typens introduktion. Mere end 16.000 Iroquois er blevet bygget siden 1960.<br><\/td><\/tr><tr><td>Bev\u00e6bning<\/td><td>7.62 mm Maskingev\u00e6r<br>2.75 in (70 mm) rocket pods<\/td><\/tr><tr><td>Tyskland<\/td><td>Det tyske rumfartsfirma Dornier konstruerede 352 UH-1D&#8217;er p\u00e5 licens mellem 1967 og 1981 for den vesttyske Bundeswehr. Disse s\u00e5 tjeneste med b\u00e5de den tyske h\u00e6r og det tyske luftv\u00e5ben som hj\u00e6lpehelikoptere, de blev ogs\u00e5 almindeligt brugt til efters\u00f8gnings- og redningsmissioner (SAR). Efter at v\u00e6re blevet erstattet af nyere tomotorede Eurocopter EC145&#8217;er, blev de sidste UH-1D&#8217;er i tysk tjeneste trukket tilbage den 12. april 2021.<\/td><\/tr><\/tbody><\/table><\/figure>\n\n\n\n<p><\/p>\n","protected":false},"excerpt":{"rendered":"<p>Grissom Air Museum Flere Fotos Type Let helikopter til observation, luft-s\u00f8redning, forbindelse og tr\u00e6ning &nbsp;Fabrikant Bell Helicopter Textron &nbsp;Bes\u00e6tning &nbsp;1-4 mand &nbsp;Dimensioner: \ufeff &nbsp;L\u00e6ngde 17,6 m med roter &nbsp;H\u00f8jde 4,4 m Brede 2,9 m &nbsp;Rotordiameter 14,63 m &nbsp;Kapacitet 1,760 kg det kan v\u00e6re 11-14 soldater, 6 b\u00e5rer, eller andet last V\u00e6gt Tom 2,363&nbsp;kg, mission v\u00e6gt [&hellip;]<\/p>\n","protected":false},"author":1,"featured_media":0,"parent":0,"menu_order":0,"comment_status":"closed","ping_status":"closed","template":"","meta":{"ngg_post_thumbnail":0,"footnotes":""},"class_list":["post-666","page","type-page","status-publish","hentry"],"_links":{"self":[{"href":"http:\/\/a-kracht.dk\/index.php?rest_route=\/wp\/v2\/pages\/666","targetHints":{"allow":["GET"]}}],"collection":[{"href":"http:\/\/a-kracht.dk\/index.php?rest_route=\/wp\/v2\/pages"}],"about":[{"href":"http:\/\/a-kracht.dk\/index.php?rest_route=\/wp\/v2\/types\/page"}],"author":[{"embeddable":true,"href":"http:\/\/a-kracht.dk\/index.php?rest_route=\/wp\/v2\/users\/1"}],"replies":[{"embeddable":true,"href":"http:\/\/a-kracht.dk\/index.php?rest_route=%2Fwp%2Fv2%2Fcomments&post=666"}],"version-history":[{"count":8,"href":"http:\/\/a-kracht.dk\/index.php?rest_route=\/wp\/v2\/pages\/666\/revisions"}],"predecessor-version":[{"id":686,"href":"http:\/\/a-kracht.dk\/index.php?rest_route=\/wp\/v2\/pages\/666\/revisions\/686"}],"wp:attachment":[{"href":"http:\/\/a-kracht.dk\/index.php?rest_route=%2Fwp%2Fv2%2Fmedia&parent=666"}],"curies":[{"name":"wp","href":"https:\/\/api.w.org\/{rel}","templated":true}]}}